{"id":219,"date":"2020-07-15T15:09:39","date_gmt":"2020-07-15T13:09:39","guid":{"rendered":"http:\/\/ilann-vogt.com\/?page_id=219"},"modified":"2026-03-09T11:14:18","modified_gmt":"2026-03-09T10:14:18","slug":"actualites","status":"publish","type":"page","link":"https:\/\/ilann-vogt.com\/","title":{"rendered":"Actualit\u00e9s"},"content":{"rendered":"<p><strong>\u00a0\u00a0<\/strong><\/p>\r\n<div id='gallery-1' class='gallery galleryid-219 gallery-columns-2 gallery-size-large'><figure class='gallery-item'>\n\t\t\t<div class='gallery-icon portrait'>\n\t\t\t\t<a href='https:\/\/ilann-vogt.com\/index.php\/actualites\/paper\/'><img loading=\"lazy\" decoding=\"async\" width=\"640\" height=\"967\" src=\"https:\/\/ilann-vogt.com\/wp-content\/uploads\/2026\/03\/paper-678x1024.jpg\" class=\"attachment-large size-large\" alt=\"\" srcset=\"https:\/\/ilann-vogt.com\/wp-content\/uploads\/2026\/03\/paper-678x1024.jpg 678w, https:\/\/ilann-vogt.com\/wp-content\/uploads\/2026\/03\/paper-199x300.jpg 199w, https:\/\/ilann-vogt.com\/wp-content\/uploads\/2026\/03\/paper-768x1161.jpg 768w, https:\/\/ilann-vogt.com\/wp-content\/uploads\/2026\/03\/paper-1016x1536.jpg 1016w, https:\/\/ilann-vogt.com\/wp-content\/uploads\/2026\/03\/paper-1355x2048.jpg 1355w, https:\/\/ilann-vogt.com\/wp-content\/uploads\/2026\/03\/paper-scaled.jpg 1694w\" sizes=\"(max-width: 640px) 100vw, 640px\" \/><\/a>\n\t\t\t<\/div><\/figure><figure class='gallery-item'>\n\t\t\t<div class='gallery-icon portrait'>\n\t\t\t\t<a href='https:\/\/ilann-vogt.com\/index.php\/actualites\/artparis2026-visuals-1\/'><img loading=\"lazy\" decoding=\"async\" width=\"640\" height=\"686\" src=\"https:\/\/ilann-vogt.com\/wp-content\/uploads\/2026\/03\/ArtParis2026-visuals-1-955x1024.png\" class=\"attachment-large size-large\" alt=\"\" srcset=\"https:\/\/ilann-vogt.com\/wp-content\/uploads\/2026\/03\/ArtParis2026-visuals-1-955x1024.png 955w, https:\/\/ilann-vogt.com\/wp-content\/uploads\/2026\/03\/ArtParis2026-visuals-1-280x300.png 280w, https:\/\/ilann-vogt.com\/wp-content\/uploads\/2026\/03\/ArtParis2026-visuals-1-768x823.png 768w, https:\/\/ilann-vogt.com\/wp-content\/uploads\/2026\/03\/ArtParis2026-visuals-1-1433x1536.png 1433w, https:\/\/ilann-vogt.com\/wp-content\/uploads\/2026\/03\/ArtParis2026-visuals-1.png 1910w\" sizes=\"(max-width: 640px) 100vw, 640px\" \/><\/a>\n\t\t\t<\/div><\/figure>\n\t\t<\/div>\n\r\n<p>&nbsp;<\/p>\r\n<p>C&rsquo;est avec plaisir que mon travail sera repr\u00e9sent\u00e9 par la galerie Alain H\u00e9lou \u00e0 Art Paris et \u00e0 Paper Position (Berlin)<\/p>\r\n<p>Au plaisir de vous y voir<\/p>\r\n<p>plus d&rsquo;informations sur <a href=\"https:\/\/galeriealainhelou.com\/\">https:\/\/galeriealainhelou.com\/<\/a><\/p>\r\n<p><a href=\"https:\/\/www.artparis.com\/fr\">https:\/\/www.artparis.com\/fr<\/a><\/p>\r\n<p><a href=\"https:\/\/www.paperpositions.com\/de\/staedte\/berlin\">https:\/\/www.paperpositions.com\/de\/staedte\/berlin<\/a><\/p>\r\n<p>************************<\/p>\r\n<p>Mes oeuvres sont visibles \u00e0 la Galerie Alain Helou<\/p>\r\n<p>Site &gt;&gt;&gt;&gt;<a href=\"https:\/\/galeriealainhelou.com\/\"> https:\/\/galeriealainhelou.com\/<\/a><\/p>\r\n<p>A partir de septembre 2025 et pour 2 ans<\/p>\r\n<p>Adresse au r\u00e9cit, au Mus\u00e9e Chateau d&rsquo;Annecy<\/p>\r\n<p>Site &gt;&gt;&gt; <a href=\"https:\/\/musees.annecy.fr\/annuaires\/agendas\/detail\/installation-adresse-au-recit-ilann-vogt-1\">https:\/\/musees.annecy.fr\/annuaires\/agendas\/detail\/installation-adresse-au-recit-ilann-vogt-1<\/a><\/p>\r\n<p>&nbsp;<\/p>\r\n<p>&nbsp;<\/p>\r\n<p>***********************<\/p>\r\n<p><strong>\u201c<span style=\"font-family: Calibri, sans-serif;\"><span style=\"font-size: x-large;\">Jour apr\u00e8s jour, Ilann Vogt tisse des textes d\u00e9coup\u00e9s en lamelles\u00a0<\/span><\/span><\/strong><strong><span style=\"font-family: Calibri, sans-serif;\"><span style=\"font-size: x-large;\">pour r\u00e9aliser des oeuvres en papier de toute taille, selon la\u00a0<\/span><\/span><\/strong><strong><span style=\"font-family: Calibri, sans-serif;\"><span style=\"font-size: x-large;\">nature du texte originel choisi. De \u00ab L\u2019\u00c9ternit\u00e9 \u00bb d\u2019Arthur Rimbaud \u00e0 \u00ab La recherche du temps perdu \u00bb de Marcel Proust, en passant par \u00ab L\u2019Odyss\u00e9e \u00bb d\u2019Hom\u00e8re ou encore \u00ab La M\u00e9tamorphose \u00bb de Franz Kafka, les productions de l\u2019artiste couvrent l\u2019histoire de la litt\u00e9rature mondiale pour composer une biblioth\u00e8que id\u00e9ale o\u00f9 le texte a \u00e0 voir avec la mati\u00e8re.<\/span><\/span><\/strong><\/p>\r\n<p align=\"LEFT\"><strong><span style=\"font-family: Calibri, sans-serif;\"><span style=\"font-size: x-large;\">Travail artisanal, presque monacal, Ilann Vogt fait face aux livres dans la solitude de son atelier pour les transfigurer en toiles de signes devenus abstraits et pourtant d\u2019une accessibilit\u00e9 directe. Toujours le m\u00eame mode op\u00e9ratoire, choisir un texte, en d\u00e9couper les lignes au cutter sans couper dans les mots, les transformer en lamelles de papier, les tisser \u00e0 la main, ligne apr\u00e8s ligne. D\u2019un geste simple, r\u00e9p\u00e9t\u00e9 dans l\u2019immensit\u00e9 des biblioth\u00e8ques du monde, Ilann Vogt travaille \u00e0 l\u2019infini des manifestations de la langue.\u201d<\/span><\/span><\/strong><\/p>\r\n<p align=\"LEFT\"><span style=\"font-family: Calibri, sans-serif;\"><span style=\"font-size: x-large;\">Anton Farago pour les \u00e9ditions Artfolages.<\/span><\/span><\/p>\r\n<p>*************************<\/p>\r\n<p>Est paru aux \u00e9ditions Artfolages, avec un texte de Caroline Sagot Duvauroux et des prises de vue d&rsquo;anton farago<\/p>\r\n<!-- \/wp:paragraph -->\r\n\r\n<!-- wp:paragraph -->\r\n<p>Format 23 x 26 cm, dos carr\u00e9 cousu \u00a0 \u00a0\u00a0 112 pages \/ Couverture : Munken Kristall rough 300 g \/ Int\u00e9rieur : quadri r\/v couch\u00e9 demi-mat 150 g<\/p>\r\n<!-- \/wp:paragraph -->\r\n\r\n<!-- wp:paragraph -->\r\n<p>vous pouvez le commander &gt;&gt;&gt;&gt; <a href=\"https:\/\/www.artfolage.net\/product-page\/ilann-vogt-caract%C3%A8res-de-l-infini\" target=\"_blank\" rel=\"noreferrer noopener\">ICI<\/a><\/p>\r\n<!-- \/wp:paragraph -->\r\n\r\n<!-- wp:image {\"id\":515,\"sizeSlug\":\"large\"} -->\r\n<figure class=\"wp-block-image size-large\"><img loading=\"lazy\" decoding=\"async\" width=\"902\" height=\"1024\" class=\"wp-image-515 alignleft\" src=\"http:\/\/ilann-vogt.com\/wp-content\/uploads\/2021\/12\/couv-Ilann-Vogt-902x1024.png\" alt=\"\" srcset=\"https:\/\/ilann-vogt.com\/wp-content\/uploads\/2021\/12\/couv-Ilann-Vogt-902x1024.png 902w, https:\/\/ilann-vogt.com\/wp-content\/uploads\/2021\/12\/couv-Ilann-Vogt-264x300.png 264w, https:\/\/ilann-vogt.com\/wp-content\/uploads\/2021\/12\/couv-Ilann-Vogt-768x871.png 768w, https:\/\/ilann-vogt.com\/wp-content\/uploads\/2021\/12\/couv-Ilann-Vogt-1354x1536.png 1354w, https:\/\/ilann-vogt.com\/wp-content\/uploads\/2021\/12\/couv-Ilann-Vogt-1805x2048.png 1805w, https:\/\/ilann-vogt.com\/wp-content\/uploads\/2021\/12\/couv-Ilann-Vogt-738x837.png 738w, https:\/\/ilann-vogt.com\/wp-content\/uploads\/2021\/12\/couv-Ilann-Vogt-1458x1654.png 1458w, https:\/\/ilann-vogt.com\/wp-content\/uploads\/2021\/12\/couv-Ilann-Vogt-996x1130.png 996w, https:\/\/ilann-vogt.com\/wp-content\/uploads\/2021\/12\/couv-Ilann-Vogt.png 1930w\" sizes=\"(max-width: 902px) 100vw, 902px\" \/><\/figure>\r\n<!-- \/wp:image -->\r\n\r\n<!-- wp:paragraph -->\r\n<p>&nbsp;<\/p>\r\n<p>&nbsp;<\/p>\r\n<p>&nbsp;<\/p>\r\n<p>&nbsp;<\/p>\r\n<p>&nbsp;<\/p>\r\n<p>&nbsp;<\/p>\r\n<p>&nbsp;<\/p>\r\n<p>&nbsp;<\/p>\r\n<p>&nbsp;<\/p>\r\n<p>&nbsp;<\/p>\r\n<p>&nbsp;<\/p>\r\n<p>&nbsp;<\/p>\r\n<p>&nbsp;<\/p>\r\n<p>&nbsp;<\/p>\r\n<p>&nbsp;<\/p>\r\n<p>&nbsp;<\/p>\r\n<p>&nbsp;<\/p>\r\n<p>&nbsp;<\/p>\r\n<p>&nbsp;<\/p>\r\n<p>&nbsp;<\/p>\r\n<p>&nbsp;<\/p>\r\n<p>&nbsp;<\/p>\r\n<p>&nbsp;<\/p>\r\n<p>&nbsp;<\/p>\r\n<p>&nbsp;<\/p>\r\n<p>&nbsp;<\/p>\r\n<p>&nbsp;<\/p>\r\n<p>\/\/\/\/\/\/\/\/\/\/\/\/\/\/\/\/\/\/\/\/\/\/\/\/\/\/\/\/\/<\/p>\r\n<!-- \/wp:paragraph -->\r\n\r\n<!-- wp:paragraph --><!-- \/wp:paragraph -->\r\n\r\n<!-- wp:image {\"id\":517,\"sizeSlug\":\"large\"} -->\r\n<figure class=\"wp-block-image size-large\"><\/figure>\r\n<!-- \/wp:paragraph -->\r\n\r\n<!-- wp:paragraph -->\r\n<p>BRETAGNE \/ 0629659235 . ilannvogt@gmail.com<\/p>\r\n<!-- \/wp:paragraph -->","protected":false},"excerpt":{"rendered":"<p>\u00a0\u00a0 &nbsp; C&rsquo;est avec plaisir que mon travail sera repr\u00e9sent\u00e9 par la galerie Alain H\u00e9lou \u00e0 Art Paris et \u00e0 Paper Position (Berlin) Au plaisir de vous y voir plus d&rsquo;informations sur https:\/\/galeriealainhelou.com\/ https:\/\/www.artparis.com\/fr https:\/\/www.paperpositions.com\/de\/staedte\/berlin ************************ Mes oeuvres sont visibles \u00e0 la Galerie Alain Helou Site &gt;&gt;&gt;&gt; https:\/\/galeriealainhelou.com\/ A partir de septembre 2025 et pour [&hellip;]<\/p>\n","protected":false},"author":1,"featured_media":0,"parent":0,"menu_order":0,"comment_status":"closed","ping_status":"closed","template":"","meta":{"_monsterinsights_skip_tracking":false,"_monsterinsights_sitenote_active":false,"_monsterinsights_sitenote_note":"","_monsterinsights_sitenote_category":0,"_uf_show_specific_survey":0,"_uf_disable_surveys":false,"footnotes":""},"class_list":["post-219","page","type-page","status-publish","hentry"],"aioseo_notices":[],"jetpack_sharing_enabled":true,"_links":{"self":[{"href":"https:\/\/ilann-vogt.com\/index.php\/wp-json\/wp\/v2\/pages\/219"}],"collection":[{"href":"https:\/\/ilann-vogt.com\/index.php\/wp-json\/wp\/v2\/pages"}],"about":[{"href":"https:\/\/ilann-vogt.com\/index.php\/wp-json\/wp\/v2\/types\/page"}],"author":[{"embeddable":true,"href":"https:\/\/ilann-vogt.com\/index.php\/wp-json\/wp\/v2\/users\/1"}],"replies":[{"embeddable":true,"href":"https:\/\/ilann-vogt.com\/index.php\/wp-json\/wp\/v2\/comments?post=219"}],"version-history":[{"count":63,"href":"https:\/\/ilann-vogt.com\/index.php\/wp-json\/wp\/v2\/pages\/219\/revisions"}],"predecessor-version":[{"id":1706,"href":"https:\/\/ilann-vogt.com\/index.php\/wp-json\/wp\/v2\/pages\/219\/revisions\/1706"}],"wp:attachment":[{"href":"https:\/\/ilann-vogt.com\/index.php\/wp-json\/wp\/v2\/media?parent=219"}],"curies":[{"name":"wp","href":"https:\/\/api.w.org\/{rel}","templated":true}]}}