{"id":222,"date":"2020-07-15T15:12:18","date_gmt":"2020-07-15T13:12:18","guid":{"rendered":"http:\/\/ilann-vogt.com\/?page_id=222"},"modified":"2021-10-04T20:22:40","modified_gmt":"2021-10-04T18:22:40","slug":"le-renoncement-a-la-parole-2","status":"publish","type":"page","link":"https:\/\/ilann-vogt.com\/index.php\/le-renoncement-a-la-parole-2\/","title":{"rendered":"Le renoncement \u00e0 la parole"},"content":{"rendered":"\n<p class=\"has-small-font-size\"><strong>Le renoncement \u00e0 la parole.<\/strong><br> 15&#215;21. 14p.<br> Cahiers perp\u00e9tuels<br> init\u00e9 2019.<br> Chaque cahier est compos\u00e9 de 7 feuillets repr\u00e9sentant chacun une journ\u00e9e. L\u2019oeuvre augmente au rythme d\u2019un feuillet par  jour. Chaque semaine forme un livret.  Tisser c\u2019est \u00e9crire avec la mati\u00e8re. L\u2019acte po\u00e9tique recherche un silence dans sa propre langue.<br> <\/p>\n\n\n\n<figure class=\"wp-block-gallery columns-3 is-cropped wp-block-gallery-1 is-layout-flex wp-block-gallery-is-layout-flex\"><ul class=\"blocks-gallery-grid\"><li class=\"blocks-gallery-item\"><figure><img loading=\"lazy\" decoding=\"async\" width=\"1024\" height=\"927\" src=\"http:\/\/ilann-vogt.com\/wp-content\/uploads\/2020\/07\/DSC_0132-1024x927.jpg\" alt=\"\" data-id=\"84\" data-link=\"http:\/\/ilann-vogt.com\/dsc_0132\/\" class=\"wp-image-84\" srcset=\"https:\/\/ilann-vogt.com\/wp-content\/uploads\/2020\/07\/DSC_0132-1024x927.jpg 1024w, https:\/\/ilann-vogt.com\/wp-content\/uploads\/2020\/07\/DSC_0132-300x271.jpg 300w, https:\/\/ilann-vogt.com\/wp-content\/uploads\/2020\/07\/DSC_0132-768x695.jpg 768w, https:\/\/ilann-vogt.com\/wp-content\/uploads\/2020\/07\/DSC_0132-1568x1419.jpg 1568w\" sizes=\"(max-width: 1024px) 100vw, 1024px\" \/><\/figure><\/li><li class=\"blocks-gallery-item\"><figure><img loading=\"lazy\" decoding=\"async\" width=\"1024\" height=\"768\" src=\"http:\/\/ilann-vogt.com\/wp-content\/uploads\/2020\/07\/DSC_0151-1024x768.jpg\" alt=\"\" data-id=\"282\" data-link=\"http:\/\/ilann-vogt.com\/index.php\/le-renoncement-a-la-parole-2\/dsc_0151\/\" class=\"wp-image-282\" srcset=\"https:\/\/ilann-vogt.com\/wp-content\/uploads\/2020\/07\/DSC_0151-1024x768.jpg 1024w, https:\/\/ilann-vogt.com\/wp-content\/uploads\/2020\/07\/DSC_0151-300x225.jpg 300w, https:\/\/ilann-vogt.com\/wp-content\/uploads\/2020\/07\/DSC_0151-768x576.jpg 768w\" sizes=\"(max-width: 1024px) 100vw, 1024px\" \/><\/figure><\/li><li class=\"blocks-gallery-item\"><figure><img loading=\"lazy\" decoding=\"async\" width=\"1024\" height=\"768\" src=\"http:\/\/ilann-vogt.com\/wp-content\/uploads\/2020\/07\/DSC_0134-1024x768.jpg\" alt=\"\" data-id=\"85\" data-link=\"http:\/\/ilann-vogt.com\/dsc_0134\/\" class=\"wp-image-85\" srcset=\"https:\/\/ilann-vogt.com\/wp-content\/uploads\/2020\/07\/DSC_0134-1024x768.jpg 1024w, https:\/\/ilann-vogt.com\/wp-content\/uploads\/2020\/07\/DSC_0134-300x225.jpg 300w, https:\/\/ilann-vogt.com\/wp-content\/uploads\/2020\/07\/DSC_0134-768x576.jpg 768w, https:\/\/ilann-vogt.com\/wp-content\/uploads\/2020\/07\/DSC_0134-1568x1176.jpg 1568w\" sizes=\"(max-width: 1024px) 100vw, 1024px\" \/><\/figure><\/li><\/ul><\/figure>\n","protected":false},"excerpt":{"rendered":"<p>Le renoncement \u00e0 la parole. 15&#215;21. 14p. Cahiers perp\u00e9tuels init\u00e9 2019. Chaque cahier est compos\u00e9 de 7 feuillets repr\u00e9sentant chacun une journ\u00e9e. L\u2019oeuvre augmente au rythme d\u2019un feuillet par jour. Chaque semaine forme un livret. Tisser c\u2019est \u00e9crire avec la mati\u00e8re. L\u2019acte po\u00e9tique recherche un silence dans sa propre langue.<\/p>\n","protected":false},"author":1,"featured_media":0,"parent":0,"menu_order":0,"comment_status":"closed","ping_status":"closed","template":"","meta":{"_monsterinsights_skip_tracking":false,"_monsterinsights_sitenote_active":false,"_monsterinsights_sitenote_note":"","_monsterinsights_sitenote_category":0,"_uf_show_specific_survey":0,"_uf_disable_surveys":false,"footnotes":""},"class_list":["post-222","page","type-page","status-publish","hentry"],"aioseo_notices":[],"jetpack_sharing_enabled":true,"_links":{"self":[{"href":"https:\/\/ilann-vogt.com\/index.php\/wp-json\/wp\/v2\/pages\/222"}],"collection":[{"href":"https:\/\/ilann-vogt.com\/index.php\/wp-json\/wp\/v2\/pages"}],"about":[{"href":"https:\/\/ilann-vogt.com\/index.php\/wp-json\/wp\/v2\/types\/page"}],"author":[{"embeddable":true,"href":"https:\/\/ilann-vogt.com\/index.php\/wp-json\/wp\/v2\/users\/1"}],"replies":[{"embeddable":true,"href":"https:\/\/ilann-vogt.com\/index.php\/wp-json\/wp\/v2\/comments?post=222"}],"version-history":[{"count":5,"href":"https:\/\/ilann-vogt.com\/index.php\/wp-json\/wp\/v2\/pages\/222\/revisions"}],"predecessor-version":[{"id":390,"href":"https:\/\/ilann-vogt.com\/index.php\/wp-json\/wp\/v2\/pages\/222\/revisions\/390"}],"wp:attachment":[{"href":"https:\/\/ilann-vogt.com\/index.php\/wp-json\/wp\/v2\/media?parent=222"}],"curies":[{"name":"wp","href":"https:\/\/api.w.org\/{rel}","templated":true}]}}