{"id":224,"date":"2020-07-15T15:48:10","date_gmt":"2020-07-15T13:48:10","guid":{"rendered":"http:\/\/ilann-vogt.com\/?page_id=224"},"modified":"2023-09-08T16:45:51","modified_gmt":"2023-09-08T14:45:51","slug":"le-chemin-de-penelope","status":"publish","type":"page","link":"https:\/\/ilann-vogt.com\/index.php\/le-chemin-de-penelope\/","title":{"rendered":"Celle qui attendait le retour de l&rsquo;homme \u00e9gar\u00e9 en mer"},"content":{"rendered":"\r\n<p class=\"has-small-font-size\"><strong>Celle qui attendait le retour de l\u2019homme \u00e9gar\u00e9 en mer.<\/strong><br \/>Installation. 2017 &#8211; r\u00e9alis\u00e9 avec le soutien de la fondation Marcel Bleustein Blanchet<br \/>Texte tiss\u00e9: A la recherche du temps perdu de M. Proust.<br \/>Dimension, 200x800x150<br \/>Une oeuvre en cours, dans le suspens du temps. Montrer l\u2019enmachinement de la parole \u00e0 travers le Mythe de P\u00e9n\u00e9lope.<\/p>\r\n\r\n\r\n\r\n<ul class=\"wp-block-gallery columns-1 is-cropped wp-block-gallery-1 is-layout-flex wp-block-gallery-is-layout-flex\">\r\n<li class=\"blocks-gallery-item\">\r\n<figure><img loading=\"lazy\" decoding=\"async\" class=\"alignnone size-full wp-image-827\" src=\"https:\/\/ilann-vogt.com\/wp-content\/uploads\/2023\/09\/alarecherchedutempsperdudemarcelproust-laureat-fondation-marcelbleusteinblanchet-scaled.jpg\" alt=\"\" width=\"1714\" height=\"2560\" srcset=\"https:\/\/ilann-vogt.com\/wp-content\/uploads\/2023\/09\/alarecherchedutempsperdudemarcelproust-laureat-fondation-marcelbleusteinblanchet-scaled.jpg 1714w, https:\/\/ilann-vogt.com\/wp-content\/uploads\/2023\/09\/alarecherchedutempsperdudemarcelproust-laureat-fondation-marcelbleusteinblanchet-201x300.jpg 201w, https:\/\/ilann-vogt.com\/wp-content\/uploads\/2023\/09\/alarecherchedutempsperdudemarcelproust-laureat-fondation-marcelbleusteinblanchet-685x1024.jpg 685w, https:\/\/ilann-vogt.com\/wp-content\/uploads\/2023\/09\/alarecherchedutempsperdudemarcelproust-laureat-fondation-marcelbleusteinblanchet-768x1147.jpg 768w, https:\/\/ilann-vogt.com\/wp-content\/uploads\/2023\/09\/alarecherchedutempsperdudemarcelproust-laureat-fondation-marcelbleusteinblanchet-1028x1536.jpg 1028w, https:\/\/ilann-vogt.com\/wp-content\/uploads\/2023\/09\/alarecherchedutempsperdudemarcelproust-laureat-fondation-marcelbleusteinblanchet-1371x2048.jpg 1371w\" sizes=\"(max-width: 1714px) 100vw, 1714px\" \/><\/figure>\r\n<\/li>\r\n<\/ul>\r\n","protected":false},"excerpt":{"rendered":"<p>Celle qui attendait le retour de l\u2019homme \u00e9gar\u00e9 en mer.Installation. 2017 &#8211; r\u00e9alis\u00e9 avec le soutien de la fondation Marcel Bleustein BlanchetTexte tiss\u00e9: A la recherche du temps perdu de M. Proust.Dimension, 200x800x150Une oeuvre en cours, dans le suspens du temps. Montrer l\u2019enmachinement de la parole \u00e0 travers le Mythe de P\u00e9n\u00e9lope.<\/p>\n","protected":false},"author":1,"featured_media":0,"parent":0,"menu_order":0,"comment_status":"closed","ping_status":"closed","template":"","meta":{"_monsterinsights_skip_tracking":false,"_monsterinsights_sitenote_active":false,"_monsterinsights_sitenote_note":"","_monsterinsights_sitenote_category":0,"_uf_show_specific_survey":0,"_uf_disable_surveys":false,"footnotes":""},"class_list":["post-224","page","type-page","status-publish","hentry"],"aioseo_notices":[],"jetpack_sharing_enabled":true,"_links":{"self":[{"href":"https:\/\/ilann-vogt.com\/index.php\/wp-json\/wp\/v2\/pages\/224"}],"collection":[{"href":"https:\/\/ilann-vogt.com\/index.php\/wp-json\/wp\/v2\/pages"}],"about":[{"href":"https:\/\/ilann-vogt.com\/index.php\/wp-json\/wp\/v2\/types\/page"}],"author":[{"embeddable":true,"href":"https:\/\/ilann-vogt.com\/index.php\/wp-json\/wp\/v2\/users\/1"}],"replies":[{"embeddable":true,"href":"https:\/\/ilann-vogt.com\/index.php\/wp-json\/wp\/v2\/comments?post=224"}],"version-history":[{"count":8,"href":"https:\/\/ilann-vogt.com\/index.php\/wp-json\/wp\/v2\/pages\/224\/revisions"}],"predecessor-version":[{"id":829,"href":"https:\/\/ilann-vogt.com\/index.php\/wp-json\/wp\/v2\/pages\/224\/revisions\/829"}],"wp:attachment":[{"href":"https:\/\/ilann-vogt.com\/index.php\/wp-json\/wp\/v2\/media?parent=224"}],"curies":[{"name":"wp","href":"https:\/\/api.w.org\/{rel}","templated":true}]}}