{"id":225,"date":"2020-07-15T15:13:08","date_gmt":"2020-07-15T13:13:08","guid":{"rendered":"http:\/\/ilann-vogt.com\/?page_id=225"},"modified":"2025-09-11T15:18:03","modified_gmt":"2025-09-11T13:18:03","slug":"cana-2","status":"publish","type":"page","link":"https:\/\/ilann-vogt.com\/index.php\/cana-2\/","title":{"rendered":"Adresse au r\u00e9cit"},"content":{"rendered":"<p>&nbsp;<\/p>\r\n<p class=\"alignnone size-full wp-image-1206\"><\/p>\r\n<p class=\"has-small-font-size\">CANTATE<br \/>initi\u00e9 en 2018<br \/>Format: infini x infini<br \/>Cr\u00e9er un patchwork, un assemblage de textes et de langues d\u2019origines diff\u00e9rentes. Au lieu de partir de l\u2019int\u00e9gralit\u00e9 d\u2019un texte, je vais en choisir des morceaux, des extraits, qui assembl\u00e9s par le tissage \u00e0 d\u2019autres extraits vont former un tissu de Babel. De l\u00e0 Tous s\u2019entrem\u00ealent. Cette oeuvre a pour ambition que le textile lie et forme un ensemble de toutes ces origines diverses, de tous ces imaginaires. L\u2019h\u00e9t\u00e9rog\u00e8ne par l\u2019art devient homog\u00e8ne. Un seul tissage embrasse toutes les langues.<\/p>\r\n<p><a href=\"https:\/\/ilann-vogt.com\/index.php\/cana-2\/img_20250821_101556\/\" rel=\"attachment wp-att-1550\"><img loading=\"lazy\" decoding=\"async\" class=\"aligncenter size-full wp-image-1550\" src=\"https:\/\/ilann-vogt.com\/wp-content\/uploads\/2025\/09\/IMG_20250821_101556-scaled.jpg\" alt=\"\" width=\"2560\" height=\"1642\" srcset=\"https:\/\/ilann-vogt.com\/wp-content\/uploads\/2025\/09\/IMG_20250821_101556-scaled.jpg 2560w, https:\/\/ilann-vogt.com\/wp-content\/uploads\/2025\/09\/IMG_20250821_101556-300x192.jpg 300w, https:\/\/ilann-vogt.com\/wp-content\/uploads\/2025\/09\/IMG_20250821_101556-1024x657.jpg 1024w, https:\/\/ilann-vogt.com\/wp-content\/uploads\/2025\/09\/IMG_20250821_101556-768x493.jpg 768w, https:\/\/ilann-vogt.com\/wp-content\/uploads\/2025\/09\/IMG_20250821_101556-1536x985.jpg 1536w, https:\/\/ilann-vogt.com\/wp-content\/uploads\/2025\/09\/IMG_20250821_101556-2048x1314.jpg 2048w\" sizes=\"(max-width: 2560px) 100vw, 2560px\" \/><\/a><\/p>\r\n<p><img loading=\"lazy\" decoding=\"async\" class=\"alignnone size-full wp-image-1206\" src=\"https:\/\/ilann-vogt.com\/wp-content\/uploads\/2025\/05\/IMG_0075-scaled.jpg\" alt=\"\" width=\"1707\" height=\"2560\" srcset=\"https:\/\/ilann-vogt.com\/wp-content\/uploads\/2025\/05\/IMG_0075-scaled.jpg 1707w, https:\/\/ilann-vogt.com\/wp-content\/uploads\/2025\/05\/IMG_0075-200x300.jpg 200w, https:\/\/ilann-vogt.com\/wp-content\/uploads\/2025\/05\/IMG_0075-683x1024.jpg 683w, https:\/\/ilann-vogt.com\/wp-content\/uploads\/2025\/05\/IMG_0075-768x1152.jpg 768w, https:\/\/ilann-vogt.com\/wp-content\/uploads\/2025\/05\/IMG_0075-1024x1536.jpg 1024w, https:\/\/ilann-vogt.com\/wp-content\/uploads\/2025\/05\/IMG_0075-1365x2048.jpg 1365w\" sizes=\"(max-width: 1707px) 100vw, 1707px\" \/> <img loading=\"lazy\" decoding=\"async\" class=\"alignnone size-full wp-image-1205\" src=\"https:\/\/ilann-vogt.com\/wp-content\/uploads\/2025\/05\/IMG_0074-scaled.jpg\" alt=\"\" width=\"1707\" height=\"2560\" srcset=\"https:\/\/ilann-vogt.com\/wp-content\/uploads\/2025\/05\/IMG_0074-scaled.jpg 1707w, https:\/\/ilann-vogt.com\/wp-content\/uploads\/2025\/05\/IMG_0074-200x300.jpg 200w, https:\/\/ilann-vogt.com\/wp-content\/uploads\/2025\/05\/IMG_0074-683x1024.jpg 683w, https:\/\/ilann-vogt.com\/wp-content\/uploads\/2025\/05\/IMG_0074-768x1152.jpg 768w, https:\/\/ilann-vogt.com\/wp-content\/uploads\/2025\/05\/IMG_0074-1024x1536.jpg 1024w, https:\/\/ilann-vogt.com\/wp-content\/uploads\/2025\/05\/IMG_0074-1365x2048.jpg 1365w\" sizes=\"(max-width: 1707px) 100vw, 1707px\" \/><\/p>\r\n<p>&nbsp;<\/p>\r\n\r\n\r\n\r\n<figure class=\"wp-block-gallery columns-1 is-cropped wp-block-gallery-1 is-layout-flex wp-block-gallery-is-layout-flex\">\r\n<p>&nbsp;<\/p>\r\n<\/figure>\r\n","protected":false},"excerpt":{"rendered":"<p>&nbsp; CANTATEiniti\u00e9 en 2018Format: infini x infiniCr\u00e9er un patchwork, un assemblage de textes et de langues d\u2019origines diff\u00e9rentes. Au lieu de partir de l\u2019int\u00e9gralit\u00e9 d\u2019un texte, je vais en choisir des morceaux, des extraits, qui assembl\u00e9s par le tissage \u00e0 d\u2019autres extraits vont former un tissu de Babel. De l\u00e0 Tous s\u2019entrem\u00ealent. Cette oeuvre a [&hellip;]<\/p>\n","protected":false},"author":1,"featured_media":0,"parent":0,"menu_order":0,"comment_status":"closed","ping_status":"closed","template":"","meta":{"_monsterinsights_skip_tracking":false,"_monsterinsights_sitenote_active":false,"_monsterinsights_sitenote_note":"","_monsterinsights_sitenote_category":0,"_uf_show_specific_survey":0,"_uf_disable_surveys":false,"footnotes":""},"class_list":["post-225","page","type-page","status-publish","hentry"],"aioseo_notices":[],"jetpack_sharing_enabled":true,"_links":{"self":[{"href":"https:\/\/ilann-vogt.com\/index.php\/wp-json\/wp\/v2\/pages\/225"}],"collection":[{"href":"https:\/\/ilann-vogt.com\/index.php\/wp-json\/wp\/v2\/pages"}],"about":[{"href":"https:\/\/ilann-vogt.com\/index.php\/wp-json\/wp\/v2\/types\/page"}],"author":[{"embeddable":true,"href":"https:\/\/ilann-vogt.com\/index.php\/wp-json\/wp\/v2\/users\/1"}],"replies":[{"embeddable":true,"href":"https:\/\/ilann-vogt.com\/index.php\/wp-json\/wp\/v2\/comments?post=225"}],"version-history":[{"count":15,"href":"https:\/\/ilann-vogt.com\/index.php\/wp-json\/wp\/v2\/pages\/225\/revisions"}],"predecessor-version":[{"id":1551,"href":"https:\/\/ilann-vogt.com\/index.php\/wp-json\/wp\/v2\/pages\/225\/revisions\/1551"}],"wp:attachment":[{"href":"https:\/\/ilann-vogt.com\/index.php\/wp-json\/wp\/v2\/media?parent=225"}],"curies":[{"name":"wp","href":"https:\/\/api.w.org\/{rel}","templated":true}]}}