{"id":228,"date":"2020-07-15T15:47:50","date_gmt":"2020-07-15T13:47:50","guid":{"rendered":"http:\/\/ilann-vogt.com\/?page_id=228"},"modified":"2022-12-19T09:16:37","modified_gmt":"2022-12-19T08:16:37","slug":"demarche","status":"publish","type":"page","link":"https:\/\/ilann-vogt.com\/index.php\/demarche\/","title":{"rendered":"D\u00e9marche"},"content":{"rendered":"<p>\u00ab Jour apr\u00e8s jour, j\u2019assemble des textes d\u00e9coup\u00e9s en lamelles pour r\u00e9aliser des tissages en papier de toute taille, suivant la longueur de l\u2019oeuvre tiss\u00e9e. De L\u2019\u00c9ternit\u00e9 d\u2019Arthur Rimbaud \u00e0 La Recherche du temps perdu de Marcel Proust, en passant par L\u2019Odyss\u00e9e d&rsquo;Hom\u00e8re ou La M\u00e9tamorphose de Franz Kafka, mes productions couvrent l\u2019histoire de la litt\u00e9rature mondiale pour composer une biblioth\u00e8que id\u00e9ale mondiale et humaniste o\u00f9 le texte a \u00e0 voir avec l\u2019image. Dans un travail artisanal, presque monacal, je fais face aux livres dans la solitude de mon atelier pour les transfigurer en toiles de signes devenus abstraits et pourtant d\u2019une accessibilit\u00e9 directe.<\/p>\n<p>Habit\u00e9 par le mythe de P\u00e9n\u00e9lope, des moires et des cosmogonies Dogon, je travaille \u00e0 la main fil apr\u00e8s fil \u00e0 l&rsquo;\u00e9mergence d&rsquo;une texture, d&rsquo;une mati\u00e8re qui serait r\u00e9cit, temps et voir, avec la conscience que le travail d&rsquo;une oeuvre est avant tout le travail d&rsquo;une vie, et que je pourrais r\u00e9aliser autant d&rsquo;oeuvres qu&rsquo;il existe de livres, multipliant inlassablement les pistes de l&rsquo;imagination. \u00bb<\/p>\n<p>\u201cDay after day, I assemble texts cut into strips to make paper weavings of all sizes, according to the length of the woven work. From Arthur Rimbaud\u2019s \u2018Eternity\u2019 to Marcel Proust\u2019s \u2018In Search of Lost Time\u2019 and Homer\u2019s \u2018Odyssey\u2019 or Franz Kafka\u2019s \u2018The Metamorphosis\u2019, my productions cover the history of world literature to compose an ideal and humanistic world library where the text goes with the image. In an artisanal, almost monastic way, I work with books in the solitude of my studio to transform them into canvases of characters that have become abstract and yet are directly accessible.<\/p>\n<p>Inhabited by the myth of Penelope from the Dogo moires and cosmogonies, I work by hand, thread by thread, on the emergence of a texture, of a subject that would be a narrative, time and view, with the awareness that a work of art is, above all, the work of a life and that I could produce as many works as there are books, tirelessly multiplying the tracks of the imagination.\u201d<\/p>\n","protected":false},"excerpt":{"rendered":"<p>\u00ab Jour apr\u00e8s jour, j\u2019assemble des textes d\u00e9coup\u00e9s en lamelles pour r\u00e9aliser des tissages en papier de toute taille, suivant la longueur de l\u2019oeuvre tiss\u00e9e. De L\u2019\u00c9ternit\u00e9 d\u2019Arthur Rimbaud \u00e0 La Recherche du temps perdu de Marcel Proust, en passant par L\u2019Odyss\u00e9e d&rsquo;Hom\u00e8re ou La M\u00e9tamorphose de Franz Kafka, mes productions couvrent l\u2019histoire de la [&hellip;]<\/p>\n","protected":false},"author":1,"featured_media":0,"parent":0,"menu_order":0,"comment_status":"closed","ping_status":"closed","template":"","meta":{"_monsterinsights_skip_tracking":false,"_monsterinsights_sitenote_active":false,"_monsterinsights_sitenote_note":"","_monsterinsights_sitenote_category":0,"_uf_show_specific_survey":0,"_uf_disable_surveys":false,"footnotes":""},"class_list":["post-228","page","type-page","status-publish","hentry"],"aioseo_notices":[],"jetpack_sharing_enabled":true,"_links":{"self":[{"href":"https:\/\/ilann-vogt.com\/index.php\/wp-json\/wp\/v2\/pages\/228"}],"collection":[{"href":"https:\/\/ilann-vogt.com\/index.php\/wp-json\/wp\/v2\/pages"}],"about":[{"href":"https:\/\/ilann-vogt.com\/index.php\/wp-json\/wp\/v2\/types\/page"}],"author":[{"embeddable":true,"href":"https:\/\/ilann-vogt.com\/index.php\/wp-json\/wp\/v2\/users\/1"}],"replies":[{"embeddable":true,"href":"https:\/\/ilann-vogt.com\/index.php\/wp-json\/wp\/v2\/comments?post=228"}],"version-history":[{"count":12,"href":"https:\/\/ilann-vogt.com\/index.php\/wp-json\/wp\/v2\/pages\/228\/revisions"}],"predecessor-version":[{"id":682,"href":"https:\/\/ilann-vogt.com\/index.php\/wp-json\/wp\/v2\/pages\/228\/revisions\/682"}],"wp:attachment":[{"href":"https:\/\/ilann-vogt.com\/index.php\/wp-json\/wp\/v2\/media?parent=228"}],"curies":[{"name":"wp","href":"https:\/\/api.w.org\/{rel}","templated":true}]}}