{"id":286,"date":"2020-07-23T10:58:03","date_gmt":"2020-07-23T08:58:03","guid":{"rendered":"http:\/\/ilann-vogt.com\/?page_id=286"},"modified":"2022-03-04T17:47:57","modified_gmt":"2022-03-04T16:47:57","slug":"une-annee-de-nuits","status":"publish","type":"page","link":"https:\/\/ilann-vogt.com\/index.php\/une-annee-de-nuits\/","title":{"rendered":"Une ann\u00e9e de nuits"},"content":{"rendered":"\r\n<p>Une ann\u00e9e de nuits<\/p>\r\n\r\n\r\n\r\n<p>365 pages de papier tiss\u00e9, encr\u00e9 . Collection priv\u00e9e<\/p>\r\n\r\n\r\n\r\n<p class=\"has-small-font-size\">Au rythme d&rsquo;une feuille par jour, le livre s&rsquo;est tiss\u00e9. Accumulant cette \u00e9criture du temps qu&rsquo;est le tissage. Une ann\u00e9e donc, de nuits, une ann\u00e9e d&rsquo;\u00e9criture du sombre et du silence, une ann\u00e9e ou s&rsquo;\u00e9tiolent les nuances, les narrations observables d&rsquo;un pr\u00e9sent, pass\u00e9 et futur. Vers la nuit claire.<\/p>\r\n<p><img loading=\"lazy\" decoding=\"async\" class=\"alignnone size-full wp-image-547\" src=\"https:\/\/ilann-vogt.com\/wp-content\/uploads\/2022\/03\/DSC_0082-scaled.jpg\" alt=\"\" width=\"1724\" height=\"2560\" srcset=\"https:\/\/ilann-vogt.com\/wp-content\/uploads\/2022\/03\/DSC_0082-scaled.jpg 1724w, https:\/\/ilann-vogt.com\/wp-content\/uploads\/2022\/03\/DSC_0082-202x300.jpg 202w, https:\/\/ilann-vogt.com\/wp-content\/uploads\/2022\/03\/DSC_0082-690x1024.jpg 690w, https:\/\/ilann-vogt.com\/wp-content\/uploads\/2022\/03\/DSC_0082-768x1140.jpg 768w, https:\/\/ilann-vogt.com\/wp-content\/uploads\/2022\/03\/DSC_0082-1034x1536.jpg 1034w, https:\/\/ilann-vogt.com\/wp-content\/uploads\/2022\/03\/DSC_0082-1379x2048.jpg 1379w\" sizes=\"(max-width: 1724px) 100vw, 1724px\" \/> <img loading=\"lazy\" decoding=\"async\" class=\"alignnone size-full wp-image-548\" src=\"https:\/\/ilann-vogt.com\/wp-content\/uploads\/2022\/03\/DSC_0086-scaled.jpg\" alt=\"\" width=\"2560\" height=\"2146\" srcset=\"https:\/\/ilann-vogt.com\/wp-content\/uploads\/2022\/03\/DSC_0086-scaled.jpg 2560w, https:\/\/ilann-vogt.com\/wp-content\/uploads\/2022\/03\/DSC_0086-300x251.jpg 300w, https:\/\/ilann-vogt.com\/wp-content\/uploads\/2022\/03\/DSC_0086-1024x858.jpg 1024w, https:\/\/ilann-vogt.com\/wp-content\/uploads\/2022\/03\/DSC_0086-768x644.jpg 768w, https:\/\/ilann-vogt.com\/wp-content\/uploads\/2022\/03\/DSC_0086-1536x1288.jpg 1536w, https:\/\/ilann-vogt.com\/wp-content\/uploads\/2022\/03\/DSC_0086-2048x1717.jpg 2048w\" sizes=\"(max-width: 2560px) 100vw, 2560px\" \/><\/p>\r\n\r\n\r\n\r\n<figure class=\"wp-block-gallery columns-1 is-cropped wp-block-gallery-1 is-layout-flex wp-block-gallery-is-layout-flex\">\r\n<ul class=\"blocks-gallery-grid\">\r\n<li class=\"blocks-gallery-item\">\r\n<figure><img loading=\"lazy\" decoding=\"async\" width=\"1024\" height=\"578\" class=\"wp-image-17 alignnone\" src=\"http:\/\/ilann-vogt.com\/wp-content\/uploads\/2020\/06\/DSC_0093-1024x578.jpg\" alt=\"\" data-id=\"17\" data-link=\"http:\/\/ilann-vogt.com\/dsc_0093-jpg\/\" srcset=\"https:\/\/ilann-vogt.com\/wp-content\/uploads\/2020\/06\/DSC_0093-1024x578.jpg 1024w, https:\/\/ilann-vogt.com\/wp-content\/uploads\/2020\/06\/DSC_0093-300x169.jpg 300w, https:\/\/ilann-vogt.com\/wp-content\/uploads\/2020\/06\/DSC_0093-768x433.jpg 768w, https:\/\/ilann-vogt.com\/wp-content\/uploads\/2020\/06\/DSC_0093-1568x885.jpg 1568w\" sizes=\"(max-width: 1024px) 100vw, 1024px\" \/><\/figure>\r\n<\/li>\r\n<\/ul>\r\n<\/figure>\r\n\r\n\r\n\r\n<figure class=\"wp-block-gallery columns-1 is-cropped wp-block-gallery-2 is-layout-flex wp-block-gallery-is-layout-flex\">\r\n<ul class=\"blocks-gallery-grid\">\r\n<li class=\"blocks-gallery-item\">\r\n<figure><img loading=\"lazy\" decoding=\"async\" width=\"1024\" height=\"578\" class=\"wp-image-206\" src=\"http:\/\/ilann-vogt.com\/wp-content\/uploads\/2020\/07\/DSC_0092-1024x578.jpg\" alt=\"\" data-id=\"206\" data-full-url=\"http:\/\/ilann-vogt.com\/wp-content\/uploads\/2020\/07\/DSC_0092.jpg\" data-link=\"http:\/\/ilann-vogt.com\/dsc_0092\/\" srcset=\"https:\/\/ilann-vogt.com\/wp-content\/uploads\/2020\/07\/DSC_0092-1024x578.jpg 1024w, https:\/\/ilann-vogt.com\/wp-content\/uploads\/2020\/07\/DSC_0092-300x169.jpg 300w, https:\/\/ilann-vogt.com\/wp-content\/uploads\/2020\/07\/DSC_0092-768x433.jpg 768w, https:\/\/ilann-vogt.com\/wp-content\/uploads\/2020\/07\/DSC_0092-1568x885.jpg 1568w\" sizes=\"(max-width: 1024px) 100vw, 1024px\" \/><\/figure>\r\n<\/li>\r\n<\/ul>\r\n<\/figure>\r\n","protected":false},"excerpt":{"rendered":"<p>Une ann\u00e9e de nuits 365 pages de papier tiss\u00e9, encr\u00e9 . Collection priv\u00e9e Au rythme d&rsquo;une feuille par jour, le livre s&rsquo;est tiss\u00e9. Accumulant cette \u00e9criture du temps qu&rsquo;est le tissage. Une ann\u00e9e donc, de nuits, une ann\u00e9e d&rsquo;\u00e9criture du sombre et du silence, une ann\u00e9e ou s&rsquo;\u00e9tiolent les nuances, les narrations observables d&rsquo;un pr\u00e9sent, [&hellip;]<\/p>\n","protected":false},"author":1,"featured_media":0,"parent":0,"menu_order":0,"comment_status":"closed","ping_status":"closed","template":"","meta":{"_monsterinsights_skip_tracking":false,"_monsterinsights_sitenote_active":false,"_monsterinsights_sitenote_note":"","_monsterinsights_sitenote_category":0,"_uf_show_specific_survey":0,"_uf_disable_surveys":false,"footnotes":""},"class_list":["post-286","page","type-page","status-publish","hentry"],"aioseo_notices":[],"jetpack_sharing_enabled":true,"_links":{"self":[{"href":"https:\/\/ilann-vogt.com\/index.php\/wp-json\/wp\/v2\/pages\/286"}],"collection":[{"href":"https:\/\/ilann-vogt.com\/index.php\/wp-json\/wp\/v2\/pages"}],"about":[{"href":"https:\/\/ilann-vogt.com\/index.php\/wp-json\/wp\/v2\/types\/page"}],"author":[{"embeddable":true,"href":"https:\/\/ilann-vogt.com\/index.php\/wp-json\/wp\/v2\/users\/1"}],"replies":[{"embeddable":true,"href":"https:\/\/ilann-vogt.com\/index.php\/wp-json\/wp\/v2\/comments?post=286"}],"version-history":[{"count":5,"href":"https:\/\/ilann-vogt.com\/index.php\/wp-json\/wp\/v2\/pages\/286\/revisions"}],"predecessor-version":[{"id":549,"href":"https:\/\/ilann-vogt.com\/index.php\/wp-json\/wp\/v2\/pages\/286\/revisions\/549"}],"wp:attachment":[{"href":"https:\/\/ilann-vogt.com\/index.php\/wp-json\/wp\/v2\/media?parent=286"}],"curies":[{"name":"wp","href":"https:\/\/api.w.org\/{rel}","templated":true}]}}