{"id":302,"date":"2020-07-23T11:33:39","date_gmt":"2020-07-23T09:33:39","guid":{"rendered":"http:\/\/ilann-vogt.com\/?page_id=302"},"modified":"2025-09-25T07:57:52","modified_gmt":"2025-09-25T05:57:52","slug":"parcours","status":"publish","type":"page","link":"https:\/\/ilann-vogt.com\/index.php\/parcours\/","title":{"rendered":"Parcours"},"content":{"rendered":"<p>2019 DNSEP ART , Ecole Europ\u00e9enne Sup\u00e9rieure d\u2019Art de Bretagne, F\u00e9licitations du jury &#8211; VAE<br \/>\nTitre du m\u00e9moire : Portrait de l\u2019artiste en P\u00e9n\u00e9lope<br \/>\n2011 Brevet de technicien sup\u00e9rieur, design d\u2019espace, Lyc\u00e9e Ste Genevi\u00e8ve, Rennes<\/p>\n<p>2024 Formation tapisserie Basse Lisse, Atelier A2, Aubusson<\/p>\n<p>R\u00e9sidences<\/p>\n<p>2023 Vieux Vy sur Couesnon, Ateliers M\u00e9dicis &#8211; 40 h d\u2019ateliers (CE2\/CM1)<br \/>\n2022 R\u00e9sidence CLEA, Cambrai Agglom\u00e9ration &#8211; 200 h d\u2019ateliers ( Maternelle &gt; \u00e9tudiant &gt; adulte )<br \/>\n2021 R\u00e9sidence Adresse au r\u00e9cit, le gARage, Chateau-Gontier<\/p>\n<p>Distinctions<\/p>\n<p>2023 Laur\u00e9at cr\u00e9ation en cours 7, Ateliers M\u00e9dicis<br \/>\n2022 Premier Prix Luxembourg Art Prize<br \/>\n2019 Prix jeune cr\u00e9ation des m\u00e9tiers d\u2019arts, Ateliers d\u2019art de France<br \/>\n2015 Prix de la Vocation, Fondation Marcel Bleustein Blanchet, promotion Mohed Altrad<\/p>\n<p>Expositions Solo<\/p>\n<p>2025 Adresse au R\u00e9cit, Les mus\u00e9es d\u2019Annecy<br \/>\nLes mots nou\u00e9s, Galerie Anne +, Paris<\/p>\n<p>Bibli, Biblioth\u00e8que de Cancale<br \/>\n2024 La gr\u00e2ce, TAMAT, Tournai (Belgique)<br \/>\nLe r\u00e9cit et les r\u00eaves, \u00e9cole d\u2019art de St Malo &#8211; 6h d\u2019ateliers (Lyc\u00e9e)<br \/>\n2023 Une \u00e9criture du temps, Galerie Art coup de coeur, commissariat Audrey Marty<br \/>\n2022 Texte\/textile, Maison du Livre de B\u00e9cherel &#8211; 30h d\u2019ateliers (Maternelle&gt;adulte)<br \/>\nLe temps suspendu, Th\u00e9atre de Cambrai<br \/>\nIlann Vogt, Ville de Maison Lafitte &#8211; 2h d\u2019ateliers (adulte)<br \/>\nLes r\u00e9cits d\u00e9coup\u00e9s, Le Labo, Cambrai Agglom\u00e9ration<br \/>\nScriptorium, Abbaye de Vaucelles<br \/>\n2021 Adresse au R\u00e9cit, le gARage, Chateau Gontier<br \/>\n2020 Ilann Vogt, Babel en Mer, Cancale<br \/>\n2018 Lire dans tous les sens, M\u00e9diath\u00e8que d\u2019Issy Les Moulineaux &#8211; 2h d\u2019ateliers<br \/>\nKub 23, La Montagne dans le noir, Bouillon Kub, Orval<br \/>\nLe miracle secret, Galerie Basse fontaine, Vence<br \/>\n2017 La litt\u00e9rature en dentelle, Galerie Kmar, La perri\u00e8re<br \/>\nLa fabrique du temps, abbaye St Magloire, L\u00e9hon<br \/>\n2014 La Gen\u00e8se, La minuscule Galerie, Rennes<\/p>\n<p>Expositions Duo<\/p>\n<p>2025 Dans un mouchoir de poche, Galerie A Minima, Paris<br \/>\n2018 Kito\/ Vogt, Chapelle des Ursulines, Ville de Lannion<br \/>\n2017 Habiter l\u2019imaginaire 2, avec Agathe Halais Galerie Quelque p\u2019arts, Lyc\u00e9e St Genevi\u00e8ve, Rennes<br \/>\n2016 M\u00e9tamorphoses, avec Anael Chadli, Abbaye de Baume les dames<br \/>\n2014 R\u00e9sidences, avec Anael Chadli, Maison de la po\u00e9sie de Rennes<br \/>\n2013 Kronopages, avec Emmanuel Tonin, Galerie L\u2019antre temps, Rennes<\/p>\n<p>Expositions collectives<\/p>\n<p>2025 Un livre \u00e0 soi, avec Ga\u00eblle Callac, Galerie Maxime Lancien, St-Brieux<br \/>\n2024 Un nouveau d\u00e9part, Ch\u00e2teau de Blain, Commissariat Audrey Marty, Didier Benesteau<\/p>\n<p>2022 Regards sur le Mus\u00e9e, Mus\u00e9e des Beaux-Arts de Cambrai<\/p>\n<p>2020 Ogres et Croquemitaines, Mus\u00e9e d\u2019Art Na\u00eff et des Arts Singuliers de Laval , commissariat A. Lefahler<br \/>\nEsprit et lumi\u00e8re, Espace Nomino\u00e9, Dol de Bretagne, commissariat A. Marty, D. Benesteau<br \/>\n2019 BK 30, Usine Utopik, Tessy-Bocage<br \/>\nHiver, Galerie Audrey Marty, St Malo<br \/>\nChants d\u2019amour, Galerie Dix9, Paris<br \/>\n2018 Vocations, Galerie Carr\u00e9 en Seine, Boulogne- Billancourt<br \/>\n2017 Entre les lignes, Galerie des n\u00e9gociants, Arteva, Rez\u00e9<br \/>\n2016 Po\u00e9sie de la Mati\u00e8re, Galerie Audrey Marty, St Malo<br \/>\nIntertextes, Galerie des n\u00e9gociants, Arteva, Rez\u00e9<br \/>\n2015 Invente ton quotidien, Galerie Pictura, Cesson S\u00e9vign\u00e9<\/p>\n<p>Salons<\/p>\n<p>2023 Salon R\u00e9v\u00e9lations, Grand Palais \u00e9ph\u00e9m\u00e8re<br \/>\n2022 Art Montpelier, Galerie Audrey Marty<br \/>\n2021 Lille Art up, Galerie Audrey Marty<br \/>\n2020 Biennale Objet textile, La manufacture de Roubaix<br \/>\n2019 Salon R\u00e9v\u00e9lations, Ateliers d\u2019Art de France, Grand Palais, Paris<br \/>\nLe livre, Objet d\u2019art, Artha\u00e9, La Rochelle<br \/>\n2018 Le livre et ses m\u00e9tiers d\u2019arts, Anima Libris, Montreuil Bellay<br \/>\n2017 Le livre, Objet d\u2019art, Artha\u00e9, La rochelle<br \/>\n2015 Arts papiers, Manufacture des Tabacs, Arteva, Nantes<\/p>\n<p>Acquisitions publiques<br \/>\n2025 Le Silence de la mer, Biblioth\u00e8ques de St Brieuc<\/p>\n<p>2022 Le journal du Voleur, Biblioth\u00e8que d\u00e9partementale d\u2019Ille et Vilaine<br \/>\n2020 Le po\u00e8me de la montagne de M Tsv\u00e9ta\u00e9va, Biblioth\u00e8que d\u00e9partementale d\u2019Ille et Vilaine<\/p>\n<p>Publications<\/p>\n<p>Ilann Vogt, Revue Trakt, Par Audrey Marty<br \/>\nMes rencontres, Mus\u00e9e D\u2019arts Naifs et singulier de Laval,ed. Lignes de L\u00e9gendes, 2021<br \/>\nCaract\u00e8res de l\u2019infini, Monographie avec texte de Caroline Sagot Duvauroux, \u00e9ditions Artfolages, 2021<br \/>\nJoies, Approches \u00e9ditions, 2015, \u00e9puis\u00e9<br \/>\nW\u00fcrm, Editions centrifuges, 2014<\/p>\n<p>Collaborations<\/p>\n<p>2024 Compositions, avec Jean-Yves Bosseur<br \/>\n2023 Les sonnets \u00e0 Orph\u00e9e, avec Ga\u00eblle Callac<br \/>\n2021 Robe d\u2019une jeune fille mal dans son si\u00e8cle, Tissage d\u2019aiguilles d\u2019Amanda Goicovic<br \/>\n2021 Dans la solitude des champs de coton, eaux fortes de Ga\u00eblle Callac sur des tissages de Ilann Vogt<br \/>\n2020 Les Seules de Claire Genoux, avec Magali Ballet, \u00e9ditions Unes (tirage de t\u00eate)<br \/>\n2019 Passamezzi et Passacailles avec et sur une partition de Jean- Yves Bosseur<br \/>\nTextes pour rien, gravures de Ga\u00eblle Callac sur des tissages de Ilann Vogt<br \/>\n2018 Les choses de Perec, Livre Pauvre avec Jean- Michel Marchetti<\/p>\n<p>Presse<\/p>\n<p>Les carnets de la cr\u00e9ation, France Culture, dec. 2019<br \/>\nhttps:\/\/www.franceculture.fr\/emissions\/les-carnets-de-la-creation\/llann-vogt-tisseur-de-textes<br \/>\nAteliers d\u2019Arts magazine, Jui-Aout 2019<br \/>\nRevue Bancal, par Anne Bationo, 2018<br \/>\nhttp:\/\/www.revue-bancal.fr\/revue\/portrait-illan-vogt\/<br \/>\nMai Hua pour Ateliers d\u2019arts de France, vid\u00e9o<br \/>\n<iframe loading=\"lazy\" title=\"Prix de la Jeune Cr\u00e9ation M\u00e9tiers d&#039;Art 2019, Ilann Vogt\" width=\"640\" height=\"360\" src=\"https:\/\/www.youtube.com\/embed\/6Bsho6OUg8I?feature=oembed\" frameborder=\"0\" allow=\"accelerometer; autoplay; clipboard-write; encrypted-media; gyroscope; picture-in-picture; web-share\" referrerpolicy=\"strict-origin-when-cross-origin\" allowfullscreen><\/iframe><\/p>\n<p>Langues:<\/p>\n<p>Fran\u00e7ais &#8211; langue maternelle<br \/>\nAllemand &#8211; interm\u00e9diaire<br \/>\nAnglais &#8211; interm\u00e9diaire<br \/>\nPortugais &#8211; d\u00e9butant<\/p>\n<p>&nbsp;<\/p>\n","protected":false},"excerpt":{"rendered":"<p>2019 DNSEP ART , Ecole Europ\u00e9enne Sup\u00e9rieure d\u2019Art de Bretagne, F\u00e9licitations du jury &#8211; VAE Titre du m\u00e9moire : Portrait de l\u2019artiste en P\u00e9n\u00e9lope 2011 Brevet de technicien sup\u00e9rieur, design d\u2019espace, Lyc\u00e9e Ste Genevi\u00e8ve, Rennes 2024 Formation tapisserie Basse Lisse, Atelier A2, Aubusson R\u00e9sidences 2023 Vieux Vy sur Couesnon, Ateliers M\u00e9dicis &#8211; 40 h d\u2019ateliers [&hellip;]<\/p>\n","protected":false},"author":1,"featured_media":0,"parent":0,"menu_order":0,"comment_status":"closed","ping_status":"closed","template":"","meta":{"_monsterinsights_skip_tracking":false,"_monsterinsights_sitenote_active":false,"_monsterinsights_sitenote_note":"","_monsterinsights_sitenote_category":0,"_uf_show_specific_survey":0,"_uf_disable_surveys":false,"footnotes":""},"class_list":["post-302","page","type-page","status-publish","hentry"],"aioseo_notices":[],"jetpack_sharing_enabled":true,"_links":{"self":[{"href":"https:\/\/ilann-vogt.com\/index.php\/wp-json\/wp\/v2\/pages\/302"}],"collection":[{"href":"https:\/\/ilann-vogt.com\/index.php\/wp-json\/wp\/v2\/pages"}],"about":[{"href":"https:\/\/ilann-vogt.com\/index.php\/wp-json\/wp\/v2\/types\/page"}],"author":[{"embeddable":true,"href":"https:\/\/ilann-vogt.com\/index.php\/wp-json\/wp\/v2\/users\/1"}],"replies":[{"embeddable":true,"href":"https:\/\/ilann-vogt.com\/index.php\/wp-json\/wp\/v2\/comments?post=302"}],"version-history":[{"count":15,"href":"https:\/\/ilann-vogt.com\/index.php\/wp-json\/wp\/v2\/pages\/302\/revisions"}],"predecessor-version":[{"id":1554,"href":"https:\/\/ilann-vogt.com\/index.php\/wp-json\/wp\/v2\/pages\/302\/revisions\/1554"}],"wp:attachment":[{"href":"https:\/\/ilann-vogt.com\/index.php\/wp-json\/wp\/v2\/media?parent=302"}],"curies":[{"name":"wp","href":"https:\/\/api.w.org\/{rel}","templated":true}]}}