{"id":642,"date":"2022-08-07T17:02:10","date_gmt":"2022-08-07T15:02:10","guid":{"rendered":"https:\/\/ilann-vogt.com\/?page_id=642"},"modified":"2022-08-07T17:42:06","modified_gmt":"2022-08-07T15:42:06","slug":"commande","status":"publish","type":"page","link":"https:\/\/ilann-vogt.com\/index.php\/commande\/","title":{"rendered":"Commande"},"content":{"rendered":"<p><img loading=\"lazy\" decoding=\"async\" class=\"alignleft wp-image-515\" src=\"https:\/\/ilann-vogt.com\/wp-content\/uploads\/2021\/12\/couv-Ilann-Vogt.png\" alt=\"\" width=\"437\" height=\"496\" srcset=\"https:\/\/ilann-vogt.com\/wp-content\/uploads\/2021\/12\/couv-Ilann-Vogt.png 1930w, https:\/\/ilann-vogt.com\/wp-content\/uploads\/2021\/12\/couv-Ilann-Vogt-264x300.png 264w, https:\/\/ilann-vogt.com\/wp-content\/uploads\/2021\/12\/couv-Ilann-Vogt-902x1024.png 902w, https:\/\/ilann-vogt.com\/wp-content\/uploads\/2021\/12\/couv-Ilann-Vogt-768x871.png 768w, https:\/\/ilann-vogt.com\/wp-content\/uploads\/2021\/12\/couv-Ilann-Vogt-1354x1536.png 1354w, https:\/\/ilann-vogt.com\/wp-content\/uploads\/2021\/12\/couv-Ilann-Vogt-1805x2048.png 1805w, https:\/\/ilann-vogt.com\/wp-content\/uploads\/2021\/12\/couv-Ilann-Vogt-738x837.png 738w, https:\/\/ilann-vogt.com\/wp-content\/uploads\/2021\/12\/couv-Ilann-Vogt-1458x1654.png 1458w, https:\/\/ilann-vogt.com\/wp-content\/uploads\/2021\/12\/couv-Ilann-Vogt-996x1130.png 996w\" sizes=\"(max-width: 437px) 100vw, 437px\" \/><\/p>\n<div id=\"comp-l0zbqoaa\" class=\"_2Hij5 _3bcaz\" data-testid=\"richTextElement\">\n<p class=\"font_8\">Caract\u00e8res de l&rsquo;infini retrace les dix premi\u00e8res ann\u00e9es de travail d&rsquo;Ilann Vogt en tant qu&rsquo;artiste plasticien tisserand. \u00ab Je m\u00e9tamorphose les livres, afin qu\u2019on puisse les lire en une fraction de seconde \u00bb. La lecture de l\u2019\u0153uvre est ainsi red\u00e9couverte. Chaque ouvrage est traduit en textile dans son int\u00e9gralit\u00e9 et dans sa langue d\u2019origine. Sa pratique est \u00e0 un point de jonction entre l&rsquo;art papier et l&rsquo;art textile, l&rsquo;artisanat, l&rsquo;art contemporain et la litt\u00e9rature. Accompagn\u00e9 d\u2019un texte de la po\u00e9tesse Caroline Sagot Duvauroux, Caract\u00e8res de l\u2019infini retrace dix ann\u00e9es d\u2019\u0153uvres tiss\u00e9es \u00e0\u202f travers d\u2019abondantes photographies d\u2019Anton Farago.<\/p>\n<\/div>\n<div id=\"comp-l0zbqoa8\" class=\"_1Q9if _3bcaz\" data-testid=\"richTextElement\">\n<p class=\"font_8\">ISBN : 978-2-492498-01-5 \/ Prix : 28 euros \/ Format 23 x 26 cm, dos carr\u00e9 cousu \u00a0 \u00a0\u00a0 112 pages \/ Couverture : Munken Kristall rough 300 g \/ Int\u00e9rieur : quadri r\/v couch\u00e9 demi-mat 150 g<\/p>\n<p>Pour commander rdv ICI &gt;&gt;&gt;&gt;&gt;&gt;&gt;&gt;&gt;&gt;&gt; <a href=\"https:\/\/www.artfolage.net\/product-page\/ilann-vogt-caract%C3%A8res-de-l-infini\">LIEN VERS ARTFOLAGE<\/a><\/p>\n<p>\/\/\/\/\/\/\/\/\/\/\/\/\/\/\/\/\/\/\/\/\/\/\/\/\/\/\/\/\/\/\/\/\/\/\/\/\/\/\/\/\/\/\/\/\/\/\/\/\/\/\/\/\/\/\/\/\/\/\/\/\/\/\/\/\/\/\/\/\/\/\/\/\/\/\/\/\/\/\/\/\/<\/p>\n<p><img loading=\"lazy\" decoding=\"async\" class=\"alignleft wp-image-647\" src=\"https:\/\/ilann-vogt.com\/wp-content\/uploads\/2022\/08\/Untitled-7.jpg\" alt=\"\" width=\"440\" height=\"623\" srcset=\"https:\/\/ilann-vogt.com\/wp-content\/uploads\/2022\/08\/Untitled-7.jpg 827w, https:\/\/ilann-vogt.com\/wp-content\/uploads\/2022\/08\/Untitled-7-212x300.jpg 212w, https:\/\/ilann-vogt.com\/wp-content\/uploads\/2022\/08\/Untitled-7-724x1024.jpg 724w, https:\/\/ilann-vogt.com\/wp-content\/uploads\/2022\/08\/Untitled-7-768x1086.jpg 768w\" sizes=\"(max-width: 440px) 100vw, 440px\" \/><\/p>\n<p>A faire et \u00e0 d\u00e9faire les entrelacs, a rompre voire naitre les apparitions et les disparitions des mots des livres. Ilann Vogt a travaill\u00e9 durant pr\u00e8s de trois ann\u00e9es sur un grand tissage inspir\u00e9 des Noces de Cana de V\u00e9ron\u00e8se.<\/p>\n<p>Ce livre dresse quelques pistes entre ce que l&rsquo;on voit et l&rsquo;invisible propre \u00e0 tous les tissages.<\/p>\n<p>8 \u20ac+ 3\u20ac de frais de port<\/p>\n<p>Imprim\u00e9 en 2021<\/p>\n<p>14,85&#215;21<\/p>\n<p>22 pages<\/p>\n<p><a href=\"https:\/\/www.paypal.com\/cgi-bin\/webscr?cmd=_s-xclick&amp;hosted_button_id=9PWW9YZA2PJ6L\"><img loading=\"lazy\" decoding=\"async\" class=\"alignleft wp-image-652\" src=\"https:\/\/ilann-vogt.com\/wp-content\/uploads\/2022\/08\/bouton-paypal.png\" alt=\"\" width=\"170\" height=\"50\" srcset=\"https:\/\/ilann-vogt.com\/wp-content\/uploads\/2022\/08\/bouton-paypal.png 340w, https:\/\/ilann-vogt.com\/wp-content\/uploads\/2022\/08\/bouton-paypal-300x88.png 300w\" sizes=\"(max-width: 170px) 100vw, 170px\" \/><\/a><\/p>\n<\/div>\n<p>&nbsp;<\/p>\n<p>\/\/\/\/\/\/\/\/\/\/\/\/\/\/\/\/\/\/\/\/\/\/\/\/\/\/\/\/\/\/\/\/\/\/\/\/\/\/\/\/\/\/\/\/\/\/\/\/\/\/\/\/\/\/\/\/\/\/\/\/\/\/\/\/\/\/\/\/\/\/\/\/\/\/\/\/\/\/\/\/\/\/\/\/\/\/\/:<\/p>\n<p><img loading=\"lazy\" decoding=\"async\" class=\"wp-image-656 alignleft\" src=\"https:\/\/ilann-vogt.com\/wp-content\/uploads\/2022\/08\/20181111_125354-scaled.jpg\" alt=\"\" width=\"455\" height=\"809\" \/><\/p>\n<p>Le jardin aux sentiers qui bifurquent.<\/p>\n<p>De Jorge Luis Borges<\/p>\n<p>Fac simil\u00e9 du texte int\u00e9gral tiss\u00e9<\/p>\n<p>Imprim\u00e9 en 2018<\/p>\n<p>14,85&#215;21<\/p>\n<p>36 Pages<\/p>\n<p><a href=\"https:\/\/www.paypal.com\/cgi-bin\/webscr?cmd=_s-xclick&amp;hosted_button_id=KMQ35S4KJZHZJ\"><img loading=\"lazy\" decoding=\"async\" class=\"alignleft wp-image-652\" src=\"https:\/\/ilann-vogt.com\/wp-content\/uploads\/2022\/08\/bouton-paypal.png\" alt=\"\" width=\"191\" height=\"56\" srcset=\"https:\/\/ilann-vogt.com\/wp-content\/uploads\/2022\/08\/bouton-paypal.png 340w, https:\/\/ilann-vogt.com\/wp-content\/uploads\/2022\/08\/bouton-paypal-300x88.png 300w\" sizes=\"(max-width: 191px) 100vw, 191px\" \/><\/a><\/p>\n<p>&nbsp;<\/p>\n<p>&nbsp;<\/p>\n<p>&nbsp;<\/p>\n<p>&nbsp;<\/p>\n<p>&nbsp;<\/p>\n<p>&nbsp;<\/p>\n<p>&nbsp;<\/p>\n<p>\/\/\/\/\/\/\/\/\/\/\/\/\/\/\/\/\/\/\/\/\/\/\/\/\/\/\/\/\/\/\/\/\/\/\/\/\/\/\/\/\/\/\/\/\/\/\/\/\/\/\/\/\/\/\/\/\/\/\/\/\/\/\/\/\/\/\/\/\/\/\/\/\/\/\/\/\/\/\/\/\/\/\/\/\/\/\/\/\/\/\/\/\/\/\/\/\/\/\/\/\/\/\/\/\/\/\/\/\/\/\/\/\/\/\/\/\/\/\/\/\/\/\/\/\/\/\/<\/p>\n<p>Pour toutes questions relatives \u00e0 l&rsquo;achat d&rsquo;une oeuvre, la location d&rsquo;une exposition merci d&rsquo;envoyer un mail \u00e0 ilannvogt@gmail.com<\/p>\n","protected":false},"excerpt":{"rendered":"<p>Caract\u00e8res de l&rsquo;infini retrace les dix premi\u00e8res ann\u00e9es de travail d&rsquo;Ilann Vogt en tant qu&rsquo;artiste plasticien tisserand. \u00ab Je m\u00e9tamorphose les livres, afin qu\u2019on puisse les lire en une fraction de seconde \u00bb. La lecture de l\u2019\u0153uvre est ainsi red\u00e9couverte. Chaque ouvrage est traduit en textile dans son int\u00e9gralit\u00e9 et dans sa langue d\u2019origine. Sa [&hellip;]<\/p>\n","protected":false},"author":1,"featured_media":0,"parent":0,"menu_order":0,"comment_status":"closed","ping_status":"closed","template":"","meta":{"_monsterinsights_skip_tracking":false,"_monsterinsights_sitenote_active":false,"_monsterinsights_sitenote_note":"","_monsterinsights_sitenote_category":0,"_uf_show_specific_survey":0,"_uf_disable_surveys":false,"footnotes":""},"class_list":["post-642","page","type-page","status-publish","hentry"],"aioseo_notices":[],"jetpack_sharing_enabled":true,"_links":{"self":[{"href":"https:\/\/ilann-vogt.com\/index.php\/wp-json\/wp\/v2\/pages\/642"}],"collection":[{"href":"https:\/\/ilann-vogt.com\/index.php\/wp-json\/wp\/v2\/pages"}],"about":[{"href":"https:\/\/ilann-vogt.com\/index.php\/wp-json\/wp\/v2\/types\/page"}],"author":[{"embeddable":true,"href":"https:\/\/ilann-vogt.com\/index.php\/wp-json\/wp\/v2\/users\/1"}],"replies":[{"embeddable":true,"href":"https:\/\/ilann-vogt.com\/index.php\/wp-json\/wp\/v2\/comments?post=642"}],"version-history":[{"count":7,"href":"https:\/\/ilann-vogt.com\/index.php\/wp-json\/wp\/v2\/pages\/642\/revisions"}],"predecessor-version":[{"id":658,"href":"https:\/\/ilann-vogt.com\/index.php\/wp-json\/wp\/v2\/pages\/642\/revisions\/658"}],"wp:attachment":[{"href":"https:\/\/ilann-vogt.com\/index.php\/wp-json\/wp\/v2\/media?parent=642"}],"curies":[{"name":"wp","href":"https:\/\/api.w.org\/{rel}","templated":true}]}}