{"id":683,"date":"2022-12-19T09:33:18","date_gmt":"2022-12-19T08:33:18","guid":{"rendered":"https:\/\/ilann-vogt.com\/?page_id=683"},"modified":"2023-09-08T17:46:14","modified_gmt":"2023-09-08T15:46:14","slug":"dans-la-solitude-des-champs-de-coton","status":"publish","type":"page","link":"https:\/\/ilann-vogt.com\/index.php\/dans-la-solitude-des-champs-de-coton\/","title":{"rendered":"Dans la solitude des champs de coton avec Ga\u00eblle Callac"},"content":{"rendered":"<p><strong>Dans la solitude des champs de coton<\/strong><\/p>\n<p>de Bernard Marie Koltes<\/p>\n<p>Eaux-fortes de Ga\u00eblle Callac sur texte int\u00e9gral tiss\u00e9 de <a href=\"http:\/\/ilann-vogt.com\/\" target=\"_blank\" rel=\"noopener\">Ilann Vogt<\/a>.<\/p>\n<p>Disponible sur : <a href=\"https:\/\/gaellecallac.com\/Boutique\">https:\/\/gaellecallac.com\/Boutique<\/a><\/p>\n<p><small><i>Ga\u00eblle Callac &amp; Ilann Vogt<br \/>\nDans la solitude des champs de coton, 2022<br \/>\n\u00a9 ADAGP, Paris, 2022<br \/>\n<\/i><\/small><\/p>\n<div id='gallery-1' class='gallery galleryid-683 gallery-columns-4 gallery-size-medium'><figure class='gallery-item'>\n\t\t\t<div class='gallery-icon portrait'>\n\t\t\t\t<a href='https:\/\/ilann-vogt.com\/wp-content\/uploads\/2022\/12\/Image_13_opt.jpg'><img loading=\"lazy\" decoding=\"async\" width=\"200\" height=\"300\" src=\"https:\/\/ilann-vogt.com\/wp-content\/uploads\/2022\/12\/Image_13_opt-200x300.jpg\" class=\"attachment-medium size-medium\" alt=\"\" srcset=\"https:\/\/ilann-vogt.com\/wp-content\/uploads\/2022\/12\/Image_13_opt-200x300.jpg 200w, https:\/\/ilann-vogt.com\/wp-content\/uploads\/2022\/12\/Image_13_opt-682x1024.jpg 682w, https:\/\/ilann-vogt.com\/wp-content\/uploads\/2022\/12\/Image_13_opt-768x1152.jpg 768w, https:\/\/ilann-vogt.com\/wp-content\/uploads\/2022\/12\/Image_13_opt-1024x1536.jpg 1024w, https:\/\/ilann-vogt.com\/wp-content\/uploads\/2022\/12\/Image_13_opt.jpg 1181w\" sizes=\"(max-width: 200px) 100vw, 200px\" \/><\/a>\n\t\t\t<\/div><\/figure><figure class='gallery-item'>\n\t\t\t<div class='gallery-icon portrait'>\n\t\t\t\t<a href='https:\/\/ilann-vogt.com\/wp-content\/uploads\/2022\/12\/Image_12_opt.jpg'><img loading=\"lazy\" decoding=\"async\" width=\"200\" height=\"300\" src=\"https:\/\/ilann-vogt.com\/wp-content\/uploads\/2022\/12\/Image_12_opt-200x300.jpg\" class=\"attachment-medium size-medium\" alt=\"\" srcset=\"https:\/\/ilann-vogt.com\/wp-content\/uploads\/2022\/12\/Image_12_opt-200x300.jpg 200w, https:\/\/ilann-vogt.com\/wp-content\/uploads\/2022\/12\/Image_12_opt-682x1024.jpg 682w, https:\/\/ilann-vogt.com\/wp-content\/uploads\/2022\/12\/Image_12_opt-768x1152.jpg 768w, https:\/\/ilann-vogt.com\/wp-content\/uploads\/2022\/12\/Image_12_opt-1024x1536.jpg 1024w, https:\/\/ilann-vogt.com\/wp-content\/uploads\/2022\/12\/Image_12_opt.jpg 1181w\" sizes=\"(max-width: 200px) 100vw, 200px\" \/><\/a>\n\t\t\t<\/div><\/figure><figure class='gallery-item'>\n\t\t\t<div class='gallery-icon portrait'>\n\t\t\t\t<a href='https:\/\/ilann-vogt.com\/wp-content\/uploads\/2022\/12\/Image_11_opt.jpg'><img loading=\"lazy\" decoding=\"async\" width=\"200\" height=\"300\" src=\"https:\/\/ilann-vogt.com\/wp-content\/uploads\/2022\/12\/Image_11_opt-200x300.jpg\" class=\"attachment-medium size-medium\" alt=\"\" srcset=\"https:\/\/ilann-vogt.com\/wp-content\/uploads\/2022\/12\/Image_11_opt-200x300.jpg 200w, https:\/\/ilann-vogt.com\/wp-content\/uploads\/2022\/12\/Image_11_opt-682x1024.jpg 682w, https:\/\/ilann-vogt.com\/wp-content\/uploads\/2022\/12\/Image_11_opt-768x1152.jpg 768w, https:\/\/ilann-vogt.com\/wp-content\/uploads\/2022\/12\/Image_11_opt-1024x1536.jpg 1024w, https:\/\/ilann-vogt.com\/wp-content\/uploads\/2022\/12\/Image_11_opt.jpg 1181w\" sizes=\"(max-width: 200px) 100vw, 200px\" \/><\/a>\n\t\t\t<\/div><\/figure><figure class='gallery-item'>\n\t\t\t<div class='gallery-icon portrait'>\n\t\t\t\t<a href='https:\/\/ilann-vogt.com\/wp-content\/uploads\/2022\/12\/Image_10_opt.jpg'><img loading=\"lazy\" decoding=\"async\" width=\"200\" height=\"300\" src=\"https:\/\/ilann-vogt.com\/wp-content\/uploads\/2022\/12\/Image_10_opt-200x300.jpg\" class=\"attachment-medium size-medium\" alt=\"\" srcset=\"https:\/\/ilann-vogt.com\/wp-content\/uploads\/2022\/12\/Image_10_opt-200x300.jpg 200w, https:\/\/ilann-vogt.com\/wp-content\/uploads\/2022\/12\/Image_10_opt-682x1024.jpg 682w, https:\/\/ilann-vogt.com\/wp-content\/uploads\/2022\/12\/Image_10_opt-768x1152.jpg 768w, https:\/\/ilann-vogt.com\/wp-content\/uploads\/2022\/12\/Image_10_opt-1024x1536.jpg 1024w, https:\/\/ilann-vogt.com\/wp-content\/uploads\/2022\/12\/Image_10_opt.jpg 1181w\" sizes=\"(max-width: 200px) 100vw, 200px\" \/><\/a>\n\t\t\t<\/div><\/figure>\n\t\t<\/div>\n\n<div id='gallery-2' class='gallery galleryid-683 gallery-columns-5 gallery-size-medium'><figure class='gallery-item'>\n\t\t\t<div class='gallery-icon portrait'>\n\t\t\t\t<a href='https:\/\/ilann-vogt.com\/image_09_opt\/'><img loading=\"lazy\" decoding=\"async\" width=\"200\" height=\"300\" src=\"https:\/\/ilann-vogt.com\/wp-content\/uploads\/2022\/12\/Image_09_opt-200x300.jpg\" class=\"attachment-medium size-medium\" alt=\"\" srcset=\"https:\/\/ilann-vogt.com\/wp-content\/uploads\/2022\/12\/Image_09_opt-200x300.jpg 200w, https:\/\/ilann-vogt.com\/wp-content\/uploads\/2022\/12\/Image_09_opt-682x1024.jpg 682w, https:\/\/ilann-vogt.com\/wp-content\/uploads\/2022\/12\/Image_09_opt-768x1152.jpg 768w, https:\/\/ilann-vogt.com\/wp-content\/uploads\/2022\/12\/Image_09_opt-1024x1536.jpg 1024w, https:\/\/ilann-vogt.com\/wp-content\/uploads\/2022\/12\/Image_09_opt.jpg 1181w\" sizes=\"(max-width: 200px) 100vw, 200px\" \/><\/a>\n\t\t\t<\/div><\/figure><figure class='gallery-item'>\n\t\t\t<div class='gallery-icon portrait'>\n\t\t\t\t<a href='https:\/\/ilann-vogt.com\/image_08_opt\/'><img loading=\"lazy\" decoding=\"async\" width=\"200\" height=\"300\" src=\"https:\/\/ilann-vogt.com\/wp-content\/uploads\/2022\/12\/Image_08_opt-200x300.jpg\" class=\"attachment-medium size-medium\" alt=\"\" srcset=\"https:\/\/ilann-vogt.com\/wp-content\/uploads\/2022\/12\/Image_08_opt-200x300.jpg 200w, https:\/\/ilann-vogt.com\/wp-content\/uploads\/2022\/12\/Image_08_opt-682x1024.jpg 682w, https:\/\/ilann-vogt.com\/wp-content\/uploads\/2022\/12\/Image_08_opt-768x1152.jpg 768w, https:\/\/ilann-vogt.com\/wp-content\/uploads\/2022\/12\/Image_08_opt-1024x1536.jpg 1024w, https:\/\/ilann-vogt.com\/wp-content\/uploads\/2022\/12\/Image_08_opt.jpg 1181w\" sizes=\"(max-width: 200px) 100vw, 200px\" \/><\/a>\n\t\t\t<\/div><\/figure><figure class='gallery-item'>\n\t\t\t<div class='gallery-icon portrait'>\n\t\t\t\t<a href='https:\/\/ilann-vogt.com\/index.php\/travaux-2\/image_07_opt\/'><img loading=\"lazy\" decoding=\"async\" width=\"200\" height=\"300\" src=\"https:\/\/ilann-vogt.com\/wp-content\/uploads\/2022\/12\/Image_07_opt-200x300.jpg\" class=\"attachment-medium size-medium\" alt=\"\" aria-describedby=\"gallery-2-695\" srcset=\"https:\/\/ilann-vogt.com\/wp-content\/uploads\/2022\/12\/Image_07_opt-200x300.jpg 200w, https:\/\/ilann-vogt.com\/wp-content\/uploads\/2022\/12\/Image_07_opt-682x1024.jpg 682w, https:\/\/ilann-vogt.com\/wp-content\/uploads\/2022\/12\/Image_07_opt-768x1152.jpg 768w, https:\/\/ilann-vogt.com\/wp-content\/uploads\/2022\/12\/Image_07_opt-1024x1536.jpg 1024w, https:\/\/ilann-vogt.com\/wp-content\/uploads\/2022\/12\/Image_07_opt.jpg 1181w\" sizes=\"(max-width: 200px) 100vw, 200px\" \/><\/a>\n\t\t\t<\/div>\n\t\t\t\t<figcaption class='wp-caption-text gallery-caption' id='gallery-2-695'>\n\t\t\t\tDans la solitude des champs de cotons\n\t\t\t\t<\/figcaption><\/figure><figure class='gallery-item'>\n\t\t\t<div class='gallery-icon portrait'>\n\t\t\t\t<a href='https:\/\/ilann-vogt.com\/image_06_opt\/'><img loading=\"lazy\" decoding=\"async\" width=\"200\" height=\"300\" src=\"https:\/\/ilann-vogt.com\/wp-content\/uploads\/2022\/12\/Image_06_opt-200x300.jpg\" class=\"attachment-medium size-medium\" alt=\"\" srcset=\"https:\/\/ilann-vogt.com\/wp-content\/uploads\/2022\/12\/Image_06_opt-200x300.jpg 200w, https:\/\/ilann-vogt.com\/wp-content\/uploads\/2022\/12\/Image_06_opt-682x1024.jpg 682w, https:\/\/ilann-vogt.com\/wp-content\/uploads\/2022\/12\/Image_06_opt-768x1152.jpg 768w, https:\/\/ilann-vogt.com\/wp-content\/uploads\/2022\/12\/Image_06_opt-1024x1536.jpg 1024w, https:\/\/ilann-vogt.com\/wp-content\/uploads\/2022\/12\/Image_06_opt.jpg 1181w\" sizes=\"(max-width: 200px) 100vw, 200px\" \/><\/a>\n\t\t\t<\/div><\/figure><figure class='gallery-item'>\n\t\t\t<div class='gallery-icon portrait'>\n\t\t\t\t<a href='https:\/\/ilann-vogt.com\/image_05_opt-2\/'><img loading=\"lazy\" decoding=\"async\" width=\"200\" height=\"300\" src=\"https:\/\/ilann-vogt.com\/wp-content\/uploads\/2022\/12\/Image_05_opt-1-200x300.jpg\" class=\"attachment-medium size-medium\" alt=\"\" srcset=\"https:\/\/ilann-vogt.com\/wp-content\/uploads\/2022\/12\/Image_05_opt-1-200x300.jpg 200w, https:\/\/ilann-vogt.com\/wp-content\/uploads\/2022\/12\/Image_05_opt-1-682x1024.jpg 682w, https:\/\/ilann-vogt.com\/wp-content\/uploads\/2022\/12\/Image_05_opt-1-768x1152.jpg 768w, https:\/\/ilann-vogt.com\/wp-content\/uploads\/2022\/12\/Image_05_opt-1-1024x1536.jpg 1024w, https:\/\/ilann-vogt.com\/wp-content\/uploads\/2022\/12\/Image_05_opt-1.jpg 1181w\" sizes=\"(max-width: 200px) 100vw, 200px\" \/><\/a>\n\t\t\t<\/div><\/figure>\n\t\t<\/div>\n\n<div id='gallery-3' class='gallery galleryid-683 gallery-columns-4 gallery-size-medium'><figure class='gallery-item'>\n\t\t\t<div class='gallery-icon portrait'>\n\t\t\t\t<a href='https:\/\/ilann-vogt.com\/image_04_opt-2\/'><img loading=\"lazy\" decoding=\"async\" width=\"200\" height=\"300\" src=\"https:\/\/ilann-vogt.com\/wp-content\/uploads\/2022\/12\/Image_04_opt-1-200x300.jpeg\" class=\"attachment-medium size-medium\" alt=\"\" srcset=\"https:\/\/ilann-vogt.com\/wp-content\/uploads\/2022\/12\/Image_04_opt-1-200x300.jpeg 200w, https:\/\/ilann-vogt.com\/wp-content\/uploads\/2022\/12\/Image_04_opt-1-682x1024.jpeg 682w, https:\/\/ilann-vogt.com\/wp-content\/uploads\/2022\/12\/Image_04_opt-1-768x1152.jpeg 768w, https:\/\/ilann-vogt.com\/wp-content\/uploads\/2022\/12\/Image_04_opt-1-1024x1536.jpeg 1024w, https:\/\/ilann-vogt.com\/wp-content\/uploads\/2022\/12\/Image_04_opt-1.jpeg 1181w\" sizes=\"(max-width: 200px) 100vw, 200px\" \/><\/a>\n\t\t\t<\/div><\/figure><figure class='gallery-item'>\n\t\t\t<div class='gallery-icon portrait'>\n\t\t\t\t<a href='https:\/\/ilann-vogt.com\/image_03_opt-2\/'><img loading=\"lazy\" decoding=\"async\" width=\"200\" height=\"300\" src=\"https:\/\/ilann-vogt.com\/wp-content\/uploads\/2022\/12\/Image_03_opt-1-200x300.jpg\" class=\"attachment-medium size-medium\" alt=\"\" srcset=\"https:\/\/ilann-vogt.com\/wp-content\/uploads\/2022\/12\/Image_03_opt-1-200x300.jpg 200w, https:\/\/ilann-vogt.com\/wp-content\/uploads\/2022\/12\/Image_03_opt-1-682x1024.jpg 682w, https:\/\/ilann-vogt.com\/wp-content\/uploads\/2022\/12\/Image_03_opt-1-768x1152.jpg 768w, https:\/\/ilann-vogt.com\/wp-content\/uploads\/2022\/12\/Image_03_opt-1-1024x1536.jpg 1024w, https:\/\/ilann-vogt.com\/wp-content\/uploads\/2022\/12\/Image_03_opt-1.jpg 1181w\" sizes=\"(max-width: 200px) 100vw, 200px\" \/><\/a>\n\t\t\t<\/div><\/figure><figure class='gallery-item'>\n\t\t\t<div class='gallery-icon portrait'>\n\t\t\t\t<a href='https:\/\/ilann-vogt.com\/image_02_opt-2\/'><img loading=\"lazy\" decoding=\"async\" width=\"200\" height=\"300\" src=\"https:\/\/ilann-vogt.com\/wp-content\/uploads\/2022\/12\/Image_02_opt-1-200x300.jpg\" class=\"attachment-medium size-medium\" alt=\"\" srcset=\"https:\/\/ilann-vogt.com\/wp-content\/uploads\/2022\/12\/Image_02_opt-1-200x300.jpg 200w, https:\/\/ilann-vogt.com\/wp-content\/uploads\/2022\/12\/Image_02_opt-1-682x1024.jpg 682w, https:\/\/ilann-vogt.com\/wp-content\/uploads\/2022\/12\/Image_02_opt-1-768x1152.jpg 768w, https:\/\/ilann-vogt.com\/wp-content\/uploads\/2022\/12\/Image_02_opt-1-1024x1536.jpg 1024w, https:\/\/ilann-vogt.com\/wp-content\/uploads\/2022\/12\/Image_02_opt-1.jpg 1181w\" sizes=\"(max-width: 200px) 100vw, 200px\" \/><\/a>\n\t\t\t<\/div><\/figure><figure class='gallery-item'>\n\t\t\t<div class='gallery-icon portrait'>\n\t\t\t\t<a href='https:\/\/ilann-vogt.com\/image_01_opt-2\/'><img loading=\"lazy\" decoding=\"async\" width=\"200\" height=\"300\" src=\"https:\/\/ilann-vogt.com\/wp-content\/uploads\/2022\/12\/Image_01_opt-1-200x300.jpg\" class=\"attachment-medium size-medium\" alt=\"\" srcset=\"https:\/\/ilann-vogt.com\/wp-content\/uploads\/2022\/12\/Image_01_opt-1-200x300.jpg 200w, https:\/\/ilann-vogt.com\/wp-content\/uploads\/2022\/12\/Image_01_opt-1-682x1024.jpg 682w, https:\/\/ilann-vogt.com\/wp-content\/uploads\/2022\/12\/Image_01_opt-1-768x1152.jpg 768w, https:\/\/ilann-vogt.com\/wp-content\/uploads\/2022\/12\/Image_01_opt-1-1024x1536.jpg 1024w, https:\/\/ilann-vogt.com\/wp-content\/uploads\/2022\/12\/Image_01_opt-1.jpg 1181w\" sizes=\"(max-width: 200px) 100vw, 200px\" \/><\/a>\n\t\t\t<\/div><\/figure>\n\t\t<\/div>\n\n<p>&nbsp;<\/p>\n<p>&nbsp;<\/p>\n","protected":false},"excerpt":{"rendered":"<p>Dans la solitude des champs de coton de Bernard Marie Koltes Eaux-fortes de Ga\u00eblle Callac sur texte int\u00e9gral tiss\u00e9 de Ilann Vogt. Disponible sur : https:\/\/gaellecallac.com\/Boutique Ga\u00eblle Callac &amp; Ilann Vogt Dans la solitude des champs de coton, 2022 \u00a9 ADAGP, Paris, 2022 &nbsp; &nbsp;<\/p>\n","protected":false},"author":1,"featured_media":0,"parent":0,"menu_order":0,"comment_status":"closed","ping_status":"closed","template":"","meta":{"_monsterinsights_skip_tracking":false,"_monsterinsights_sitenote_active":false,"_monsterinsights_sitenote_note":"","_monsterinsights_sitenote_category":0,"_uf_show_specific_survey":0,"_uf_disable_surveys":false,"footnotes":""},"class_list":["post-683","page","type-page","status-publish","hentry"],"aioseo_notices":[],"jetpack_sharing_enabled":true,"_links":{"self":[{"href":"https:\/\/ilann-vogt.com\/index.php\/wp-json\/wp\/v2\/pages\/683"}],"collection":[{"href":"https:\/\/ilann-vogt.com\/index.php\/wp-json\/wp\/v2\/pages"}],"about":[{"href":"https:\/\/ilann-vogt.com\/index.php\/wp-json\/wp\/v2\/types\/page"}],"author":[{"embeddable":true,"href":"https:\/\/ilann-vogt.com\/index.php\/wp-json\/wp\/v2\/users\/1"}],"replies":[{"embeddable":true,"href":"https:\/\/ilann-vogt.com\/index.php\/wp-json\/wp\/v2\/comments?post=683"}],"version-history":[{"count":5,"href":"https:\/\/ilann-vogt.com\/index.php\/wp-json\/wp\/v2\/pages\/683\/revisions"}],"predecessor-version":[{"id":862,"href":"https:\/\/ilann-vogt.com\/index.php\/wp-json\/wp\/v2\/pages\/683\/revisions\/862"}],"wp:attachment":[{"href":"https:\/\/ilann-vogt.com\/index.php\/wp-json\/wp\/v2\/media?parent=683"}],"curies":[{"name":"wp","href":"https:\/\/api.w.org\/{rel}","templated":true}]}}